{"id":8244,"date":"2026-03-14T13:25:48","date_gmt":"2026-03-14T18:25:48","guid":{"rendered":"https:\/\/autotechsys.ca\/?page_id=8244"},"modified":"2026-04-01T20:30:46","modified_gmt":"2026-04-02T01:30:46","slug":"newhome","status":"publish","type":"page","link":"https:\/\/autotechsys.ca\/fr\/","title":{"rendered":"AUTOTECH1 &#8211; DAN MODE &#8211; HOMEPAGE"},"content":{"rendered":"<div class=\"wpb-content-wrapper\"><div data-vc-full-width=\"true\" data-vc-full-width-init=\"false\" class=\"vc_row wpb_row vc_row-fluid hero-full-bleed vc_custom_1774925139043 vc_row-has-fill vc_row-o-full-height vc_row-o-columns-middle vc_row-o-equal-height vc_row-flex\"><div class=\"wpb_column vc_column_container vc_col-sm-12 vc_col-has-fill\"><div class=\"vc_column-inner vc_custom_1773547862042\"><div class=\"wpb_wrapper\">\n\t<div class=\"wpb_text_column wpb_content_element\" >\n\t\t<div class=\"wpb_wrapper\">\n\t\t\t<div style=\"text-align: center; padding-top: 550px;\">\n<h1 style=\"color: #ffffff; font-size: 64px; font-weight: 300; margin-bottom: 0px; line-height: 1.0; letter-spacing: -0.02em; text-shadow: 0 0 100px rgba(0,0,0,1); text-transform: uppercase;\">Your next<\/h1>\n<h1 style=\"color: #ffffff; font-size: 64px; font-weight: bold; margin-bottom: 10px; line-height: 1.0; letter-spacing: -0.02em; text-shadow: 0 0 100px rgba(0,0,0,1); text-transform: uppercase;\">premium vehicle<\/h1>\n<div style=\"width: 40px; height: 1px; background: rgba(255,255,255,0.8); margin: 0 auto 10px;\"><\/div>\n<p style=\"color: rgba(255,255,255,0.9); font-size: 12px; letter-spacing: 0.2em; margin-bottom: 20px; font-weight: 300; text-transform: uppercase;\">Luxury \u00a0\u00b7\u00a0 Performance \u00a0\u00b7\u00a0 Pre-owned<\/p>\n<div style=\"display: flex; gap: 16px; justify-content: center; align-items: center;\"><a style=\"background: #ffffff; color: #000000; padding: 16px 48px; border-radius: 2px; font-size: 11px; font-weight: bold; text-decoration: none; white-space: nowrap; letter-spacing: 0.15em; text-transform: uppercase;\" href=\"\/inventory\">View Inventory<\/a><br \/>\n<a style=\"background: transparent; color: #ffffff; border: 1px solid rgba(255,255,255,0.5); padding: 16px 48px; border-radius: 2px; font-size: 11px; font-weight: 300; text-decoration: none; white-space: nowrap; letter-spacing: 0.15em; text-transform: uppercase;\" href=\"\/financing-3\">Get Financing<\/a><\/div>\n<\/div>\n\n\t\t<\/div>\n\t<\/div>\n<\/div><\/div><\/div><\/div><div class=\"vc_row-full-width vc_clearfix\"><\/div><div data-vc-full-width=\"true\" data-vc-full-width-init=\"false\" data-vc-stretch-content=\"true\" class=\"vc_row wpb_row vc_row-fluid\"><div class=\"wpb_column vc_column_container vc_col-sm-12\"><div class=\"vc_column-inner\"><div class=\"wpb_wrapper\">\n\t<div class=\"wpb_text_column wpb_content_element\" >\n\t\t<div class=\"wpb_wrapper\">\n\t\t\t<div style=\"padding-top: 90px; padding-bottom: 30px;\">\n<h2 style=\"color: #ffffff; text-align: center; font-size: 32px; font-weight: 500; margin-bottom: 12px;\">Find Your Next Vehicle<\/h2>\n<p style=\"color: #aaaaaa; text-align: center; font-size: 15px; max-width: 760px; margin: 0 auto;\">Browse our curated inventory of premium vehicles.<\/p>\n<\/div>\n\n\t\t<\/div>\n\t<\/div>\n<\/div><\/div><\/div><\/div><div class=\"vc_row-full-width vc_clearfix\"><\/div><div data-vc-full-width=\"true\" data-vc-full-width-init=\"false\" data-vc-stretch-content=\"true\" class=\"vc_row wpb_row vc_row-fluid vc_custom_1775092665985 vc_row-has-fill vc_row-no-padding\"><div class=\"wpb_column vc_column_container vc_col-sm-12\"><div class=\"vc_column-inner\"><div class=\"wpb_wrapper\">\n\t<div class=\"wpb_raw_code wpb_raw_html wpb_content_element\" >\n\t\t<div class=\"wpb_wrapper\">\n\t\t\t<style>\r\n*{box-sizing:border-box}\r\n.atx-w{padding:0px 40px;display:flex;flex-direction:column;align-items:center;width:100%;font-family:Georgia,serif}\r\n.atx-tag{display:flex;align-items:center;gap:14px;margin-bottom:28px}\r\n.atx-tag-line{width:28px;height:1px;background:#333}\r\n.atx-tag-txt{font-size:9px;letter-spacing:.5em;color:#666;text-transform:uppercase;font-family:Arial,sans-serif}\r\n.atx-h{font-size:48px;color:#ffffff;font-weight:400;letter-spacing:.06em;text-align:center;line-height:1.1;margin-bottom:36px}\r\n.atx-h em{font-style:italic;color:#aaa}\r\n.atx-sub{font-size:11px;letter-spacing:.22em;color:#444;text-transform:uppercase;font-family:Arial,sans-serif;margin-bottom:60px}\r\n.atx-bar{width:100%;max-width:820px;display:grid;grid-template-columns:1fr 1fr 1fr 110px;border:1px solid #ffffff;background:#000}\r\n.atx-f{display:flex;flex-direction:column;padding:20px 24px 16px;border-right:1px solid #ffffff;position:relative;transition:background .2s}\r\n.atx-f:hover{background:#111}\r\n.atx-f:hover .atx-lbl{color:#ffffff}\r\n.atx-lbl{font-size:8px;letter-spacing:.4em;color:#888;text-transform:uppercase;font-family:Arial,sans-serif;margin-bottom:11px;transition:color .2s;font-weight:500}\r\n.atx-f select{background:transparent;border:none;outline:none;color:#ffffff;font-size:15px;font-family:Georgia,serif;letter-spacing:.03em;cursor:pointer;appearance:none;-webkit-appearance:none;width:100%}\r\n.atx-f select option{background:#000;color:#ffffff}\r\n.atx-f select:disabled{opacity:.2;cursor:not-allowed}\r\n.atx-arr{position:absolute;right:16px;bottom:20px;color:#666;font-size:10px;pointer-events:none}\r\n#autotech-search-btn{background:#000;border:none;border-left:1px solid #ffffff;color:#ffffff;font-size:8px;letter-spacing:.45em;text-transform:uppercase;font-family:Arial,sans-serif;font-weight:500;cursor:pointer;position:relative;overflow:hidden;display:flex;align-items:center;justify-content:center;transition:color .3s}\r\n#autotech-search-btn::before{content:'';position:absolute;inset:0;background:#ffffff;transform:scaleX(0);transform-origin:left;transition:transform .35s ease;z-index:0}\r\n#autotech-search-btn:hover::before{transform:scaleX(1)}\r\n#autotech-search-btn:hover{color:#000}\r\n#autotech-search-btn span{position:relative;z-index:1}\r\n<\/style>\r\n<div class=\"atx-w\">\r\n    <div class=\"atx-bar\">\r\n    <div class=\"atx-f\">\r\n      <span class=\"atx-lbl\">Year<\/span>\r\n      <select id=\"autotech-year\"><option value=\"\">Choose Year<\/option><\/select>\r\n      <span class=\"atx-arr\">\u25be<\/span>\r\n    <\/div>\r\n    <div class=\"atx-f\">\r\n      <span class=\"atx-lbl\">Make<\/span>\r\n      <select id=\"autotech-make\"><option value=\"\">Choose Make<\/option><\/select>\r\n      <span class=\"atx-arr\">\u25be<\/span>\r\n    <\/div>\r\n    <div class=\"atx-f\">\r\n      <span class=\"atx-lbl\">Model<\/span>\r\n      <select id=\"autotech-model\"><option value=\"\">Choose Model<\/option><\/select>\r\n      <span class=\"atx-arr\">\u25be<\/span>\r\n    <\/div>\r\n    <button type=\"button\" id=\"autotech-search-btn\"><span>Search<\/span><\/button>\r\n  <\/div>\r\n<\/div>\r\n\r\n\r\n\r\n<script>\r\ndocument.addEventListener(\"DOMContentLoaded\", async function () {\r\n  const yearSelect = document.getElementById(\"autotech-year\");\r\n  const makeSelect = document.getElementById(\"autotech-make\");\r\n  const modelSelect = document.getElementById(\"autotech-model\");\r\n  const searchBtn = document.getElementById(\"autotech-search-btn\");\r\n\r\n  if (!yearSelect || !makeSelect || !modelSelect || !searchBtn) return;\r\n\r\n  let records = [];\r\n\r\n  function uniqueSorted(arr) {\r\n    return [...new Set(arr)].sort((a, b) => {\r\n      const aNum = Number(a);\r\n      const bNum = Number(b);\r\n      if (!isNaN(aNum) && !isNaN(bNum)) return bNum - aNum;\r\n      return String(a).localeCompare(String(b));\r\n    });\r\n  }\r\n\r\n  function populateSelect(select, items, placeholder) {\r\n    select.innerHTML = '<option value=\"\">' + placeholder + '<\/option>';\r\n    items.forEach(function(item) {\r\n      const option = document.createElement(\"option\");\r\n      option.value = item;\r\n      option.textContent = item;\r\n      select.appendChild(option);\r\n    });\r\n  }\r\n\r\n  function refreshDropdowns() {\r\n    const selectedYear = yearSelect.value;\r\n    const selectedMake = makeSelect.value;\r\n\r\n    const filteredForMakes = selectedYear\r\n      ? records.filter(function(r) { return r.year === selectedYear; })\r\n      : [];\r\n\r\n    const availableMakes = uniqueSorted(filteredForMakes.map(function(r) { return r.make; }));\r\n    populateSelect(makeSelect, availableMakes, \"Choose Make\");\r\n\r\n    if (availableMakes.includes(selectedMake)) {\r\n      makeSelect.value = selectedMake;\r\n    } else {\r\n      makeSelect.value = \"\";\r\n    }\r\n\r\n    if (!makeSelect.value) {\r\n      populateSelect(modelSelect, [], \"Choose Model\");\r\n      modelSelect.disabled = true;\r\n    } else {\r\n      const filteredForModels = records.filter(function(r) {\r\n        return r.year === selectedYear && r.make === makeSelect.value;\r\n      });\r\n\r\n      const availableModels = uniqueSorted(filteredForModels.map(function(r) { return r.model; }));\r\n      populateSelect(modelSelect, availableModels, \"Choose Model\");\r\n      modelSelect.disabled = availableModels.length === 0;\r\n    }\r\n\r\n    makeSelect.disabled = availableMakes.length === 0;\r\n  }\r\n\r\n  try {\r\n    const response = await fetch(\"\/wp-json\/autotech\/v1\/inventory-records\");\r\n    const data = await response.json();\r\n    records = Array.isArray(data.records) ? data.records : [];\r\n\r\n    const years = uniqueSorted(records.map(function(r) { return r.year; }));\r\n    populateSelect(yearSelect, years, \"Choose Year\");\r\n\r\n    makeSelect.disabled = true;\r\n    modelSelect.disabled = true;\r\n    populateSelect(makeSelect, [], \"Choose Make\");\r\n    populateSelect(modelSelect, [], \"Choose Model\");\r\n\r\n    yearSelect.addEventListener(\"change\", function () {\r\n      makeSelect.value = \"\";\r\n      modelSelect.value = \"\";\r\n      refreshDropdowns();\r\n    });\r\n\r\n    makeSelect.addEventListener(\"change\", function () {\r\n      modelSelect.value = \"\";\r\n      refreshDropdowns();\r\n    });\r\n\r\n    searchBtn.addEventListener(\"click\", function () {\r\n      const selectedYear = yearSelect.value;\r\n      const selectedMake = makeSelect.value;\r\n      const selectedModel = modelSelect.value;\r\n\r\n      const matches = records.filter(function(r) {\r\n        return (!selectedYear || r.year === selectedYear) &&\r\n               (!selectedMake || r.make === selectedMake) &&\r\n               (!selectedModel || r.model === selectedModel);\r\n      });\r\n\r\n      if (matches.length === 1) {\r\n        window.location.href = matches[0].url;\r\n        return;\r\n      }\r\n\r\n      if (matches.length > 1) {\r\n        window.location.href = \"\/inventory\/\";\r\n        return;\r\n      }\r\n\r\n      alert(\"No vehicles match your search.\");\r\n    });\r\n\r\n  } catch (error) {\r\n    console.error(\"Failed to load inventory data:\", error);\r\n  }\r\n});\r\n<\/script>\n\t\t<\/div>\n\t<\/div>\n<\/div><\/div><\/div><\/div><div class=\"vc_row-full-width vc_clearfix\"><\/div><div class=\"vc_row wpb_row vc_row-fluid autotech-featured-row vc_custom_1773973180178 vc_row-has-fill vc_column-gap-30\"><div class=\"wpb_column vc_column_container vc_col-sm-12\"><div class=\"vc_column-inner\"><div class=\"wpb_wrapper\">\n\t<div class=\"wpb_text_column wpb_content_element vc_custom_1774890283100\" >\n\t\t<div class=\"wpb_wrapper\">\n\t\t\t<h2 style=\"color: #ffffff; text-align: center; font-size: 32px; font-weight: 500; margin-bottom: 12px; font-family: 'Montserrat', sans-serif;\">Featured Inventory<\/h2>\n\n\t\t<\/div>\n\t<\/div>\n\n<div class=\"vc_grid-container-wrapper vc_clearfix vc_grid-animation-fadeIn\">\n\t<div class=\"vc_grid-container vc_clearfix wpb_content_element vc_basic_grid\" data-initial-loading-animation=\"fadeIn\" data-vc-grid-settings=\"{&quot;page_id&quot;:8244,&quot;style&quot;:&quot;all&quot;,&quot;action&quot;:&quot;vc_get_vc_grid_data&quot;,&quot;shortcode_id&quot;:&quot;1775091577149-92f9beb2-b567-4&quot;,&quot;tag&quot;:&quot;vc_basic_grid&quot;}\" data-vc-request=\"https:\/\/autotechsys.ca\/wp-admin\/admin-ajax.php\" data-vc-post-id=\"8244\" data-vc-public-nonce=\"41ecd80f71\">\n\t\t<style data-type=\"vc_shortcodes-custom-css\">.vc_custom_1419240516480{background-color: #f9f9f9 !important;}<\/style><div class=\"vc_grid vc_row vc_grid-gutter-30px vc_pageable-wrapper vc_hook_hover\" data-vc-pageable-content=\"true\"><div class=\"vc_pageable-slide-wrapper vc_clearfix\" data-vc-grid-content=\"true\"><div class=\"vc_grid-item vc_clearfix vc_col-sm-3 vc_grid-item-zone-c-bottom\"><div class=\"vc_grid-item-mini vc_clearfix \"><div class=\"vc_gitem-animated-block\" ><div class=\"vc_gitem-zone vc_gitem-zone-a vc-gitem-zone-height-mode-auto vc-gitem-zone-height-mode-auto-1-1 vc_gitem-is-link\" style=\"background-image: url('https:\/\/autotechsys.ca\/wp-content\/uploads\/2026\/02\/Hyundai-1-1-1.webp') !important;\"><a href=\"https:\/\/autotechsys.ca\/fr\/listings\/2022-hyundai-elantra-2\/\" title=\"2022 Hyundai Elantra\" class=\"vc_gitem-link vc-zone-link\" ><\/a><img decoding=\"async\" class=\"vc_gitem-zone-img\" src=\"https:\/\/autotechsys.ca\/wp-content\/uploads\/2026\/02\/Hyundai-1-1-1.webp\" alt=\"2022 Hyundai Elantra\" loading=\"lazy\"><div class=\"vc_gitem-zone-mini\"><\/div><\/div><\/div><div class=\"vc_gitem-zone vc_gitem-zone-c vc_custom_1419240516480\"><div class=\"vc_gitem-zone-mini\"><div class=\"vc_gitem_row vc_row vc_gitem-row-position-top\"><div class=\"vc_col-sm-12 vc_gitem-col vc_gitem-col-align-\"><div class=\"vc_custom_heading vc_gitem-post-data vc_gitem-post-data-source-post_title\" ><h4 style=\"text-align: left\" >2022 Hyundai Elantra<\/h4><\/div><div class=\"vc_custom_heading vc_gitem-post-data vc_gitem-post-data-source-post_excerpt\" ><p style=\"text-align: left\" ><p data-start=\"155\" data-end=\"218\">Hyundai Elantra 2022 &#8211; Enti\u00e8rement \u00e9quip\u00e9e &#8211; Aucun accident<\/p>\n<\/p><\/div><div class=\"vc_btn3-container vc_btn3-left\"><a class=\"vc_general vc_btn3 vc_btn3-size-md vc_btn3-shape-rounded vc_btn3-style-flat vc_btn3-color-juicy-pink\" a href=\"https:\/\/autotechsys.ca\/fr\/listings\/2022-hyundai-elantra-2\/\" class=\"vc_gitem-link vc_general vc_btn3 vc_general vc_btn3 vc_btn3-size-md vc_btn3-shape-rounded vc_btn3-style-flat vc_btn3-color-juicy-pink\" title=\"Read more\">Read more<\/a><\/div><\/div><\/div><\/div><\/div><\/div><div class=\"vc_clearfix\"><\/div><\/div><div class=\"vc_grid-item vc_clearfix vc_col-sm-3 vc_grid-item-zone-c-bottom\"><div class=\"vc_grid-item-mini vc_clearfix \"><div class=\"vc_gitem-animated-block\" ><div class=\"vc_gitem-zone vc_gitem-zone-a vc-gitem-zone-height-mode-auto vc-gitem-zone-height-mode-auto-1-1 vc_gitem-is-link\" style=\"background-image: url('https:\/\/autotechsys.ca\/wp-content\/uploads\/2026\/02\/GLE-1.webp') !important;\"><a href=\"https:\/\/autotechsys.ca\/fr\/listings\/2020-mercedes-gle-350\/\" title=\"2020 Mercedes GLE350\" class=\"vc_gitem-link vc-zone-link\" ><\/a><img decoding=\"async\" class=\"vc_gitem-zone-img\" src=\"https:\/\/autotechsys.ca\/wp-content\/uploads\/2026\/02\/GLE-1.webp\" alt=\"2020 Mercedes GLE350\" loading=\"lazy\"><div class=\"vc_gitem-zone-mini\"><\/div><\/div><\/div><div class=\"vc_gitem-zone vc_gitem-zone-c vc_custom_1419240516480\"><div class=\"vc_gitem-zone-mini\"><div class=\"vc_gitem_row vc_row vc_gitem-row-position-top\"><div class=\"vc_col-sm-12 vc_gitem-col vc_gitem-col-align-\"><div class=\"vc_custom_heading vc_gitem-post-data vc_gitem-post-data-source-post_title\" ><h4 style=\"text-align: left\" >2020 Mercedes GLE350<\/h4><\/div><div class=\"vc_custom_heading vc_gitem-post-data vc_gitem-post-data-source-post_excerpt\" ><p style=\"text-align: left\" ><p>2020 Mercedes-Benz GLE 350 &#8211; Enti\u00e8rement \u00e9quip\u00e9e &#8211; Aucun accident<\/p>\n<\/p><\/div><div class=\"vc_btn3-container vc_btn3-left\"><a class=\"vc_general vc_btn3 vc_btn3-size-md vc_btn3-shape-rounded vc_btn3-style-flat vc_btn3-color-juicy-pink\" a href=\"https:\/\/autotechsys.ca\/fr\/listings\/2020-mercedes-gle-350\/\" class=\"vc_gitem-link vc_general vc_btn3 vc_general vc_btn3 vc_btn3-size-md vc_btn3-shape-rounded vc_btn3-style-flat vc_btn3-color-juicy-pink\" title=\"Read more\">Read more<\/a><\/div><\/div><\/div><\/div><\/div><\/div><div class=\"vc_clearfix\"><\/div><\/div><div class=\"vc_grid-item vc_clearfix vc_col-sm-3 vc_grid-item-zone-c-bottom\"><div class=\"vc_grid-item-mini vc_clearfix \"><div class=\"vc_gitem-animated-block\" ><div class=\"vc_gitem-zone vc_gitem-zone-a vc-gitem-zone-height-mode-auto vc-gitem-zone-height-mode-auto-1-1 vc_gitem-is-link\" style=\"background-image: url('https:\/\/autotechsys.ca\/wp-content\/uploads\/2026\/02\/CRV-1.webp') !important;\"><a href=\"https:\/\/autotechsys.ca\/fr\/listings\/2021-honda-crv-ex\/\" title=\"2021 Honda CRV\" class=\"vc_gitem-link vc-zone-link\" ><\/a><img decoding=\"async\" class=\"vc_gitem-zone-img\" src=\"https:\/\/autotechsys.ca\/wp-content\/uploads\/2026\/02\/CRV-1.webp\" alt=\"2021 Honda CRV\" loading=\"lazy\"><div class=\"vc_gitem-zone-mini\"><\/div><\/div><\/div><div class=\"vc_gitem-zone vc_gitem-zone-c vc_custom_1419240516480\"><div class=\"vc_gitem-zone-mini\"><div class=\"vc_gitem_row vc_row vc_gitem-row-position-top\"><div class=\"vc_col-sm-12 vc_gitem-col vc_gitem-col-align-\"><div class=\"vc_custom_heading vc_gitem-post-data vc_gitem-post-data-source-post_title\" ><h4 style=\"text-align: left\" >2021 Honda CRV<\/h4><\/div><div class=\"vc_custom_heading vc_gitem-post-data vc_gitem-post-data-source-post_excerpt\" ><p style=\"text-align: left\" ><p>2021 Honda CRV EX &#8211; Enti\u00e8rement \u00e9quip\u00e9e &#8211; Aucun accident<\/p>\n<\/p><\/div><div class=\"vc_btn3-container vc_btn3-left\"><a class=\"vc_general vc_btn3 vc_btn3-size-md vc_btn3-shape-rounded vc_btn3-style-flat vc_btn3-color-juicy-pink\" a href=\"https:\/\/autotechsys.ca\/fr\/listings\/2021-honda-crv-ex\/\" class=\"vc_gitem-link vc_general vc_btn3 vc_general vc_btn3 vc_btn3-size-md vc_btn3-shape-rounded vc_btn3-style-flat vc_btn3-color-juicy-pink\" title=\"Read more\">Read more<\/a><\/div><\/div><\/div><\/div><\/div><\/div><div class=\"vc_clearfix\"><\/div><\/div><div class=\"vc_grid-item vc_clearfix vc_col-sm-3 vc_grid-item-zone-c-bottom\"><div class=\"vc_grid-item-mini vc_clearfix \"><div class=\"vc_gitem-animated-block\" ><div class=\"vc_gitem-zone vc_gitem-zone-a vc-gitem-zone-height-mode-auto vc-gitem-zone-height-mode-auto-1-1 vc_gitem-is-link\" style=\"background-image: url('https:\/\/autotechsys.ca\/wp-content\/uploads\/2026\/02\/GLC300-1.webp') !important;\"><a href=\"https:\/\/autotechsys.ca\/fr\/listings\/2022-mercedes-glc-300\/\" title=\"2022 Mercedes GLC300\" class=\"vc_gitem-link vc-zone-link\" ><\/a><img decoding=\"async\" class=\"vc_gitem-zone-img\" src=\"https:\/\/autotechsys.ca\/wp-content\/uploads\/2026\/02\/GLC300-1.webp\" alt=\"2022 Mercedes GLC300\" loading=\"lazy\"><div class=\"vc_gitem-zone-mini\"><\/div><\/div><\/div><div class=\"vc_gitem-zone vc_gitem-zone-c vc_custom_1419240516480\"><div class=\"vc_gitem-zone-mini\"><div class=\"vc_gitem_row vc_row vc_gitem-row-position-top\"><div class=\"vc_col-sm-12 vc_gitem-col vc_gitem-col-align-\"><div class=\"vc_custom_heading vc_gitem-post-data vc_gitem-post-data-source-post_title\" ><h4 style=\"text-align: left\" >2022 Mercedes GLC300<\/h4><\/div><div class=\"vc_custom_heading vc_gitem-post-data vc_gitem-post-data-source-post_excerpt\" ><p style=\"text-align: left\" ><p>2022 Mercedes GLC 300 &#8211; Enti\u00e8rement \u00e9quip\u00e9e &#8211; Aucun accident<\/p>\n<\/p><\/div><div class=\"vc_btn3-container vc_btn3-left\"><a class=\"vc_general vc_btn3 vc_btn3-size-md vc_btn3-shape-rounded vc_btn3-style-flat vc_btn3-color-juicy-pink\" a href=\"https:\/\/autotechsys.ca\/fr\/listings\/2022-mercedes-glc-300\/\" class=\"vc_gitem-link vc_general vc_btn3 vc_general vc_btn3 vc_btn3-size-md vc_btn3-shape-rounded vc_btn3-style-flat vc_btn3-color-juicy-pink\" title=\"Read more\">Read more<\/a><\/div><\/div><\/div><\/div><\/div><\/div><div class=\"vc_clearfix\"><\/div><\/div><\/div><\/div>\n\t<\/div>\n<\/div><\/div><\/div><\/div><\/div>\n<\/div>","protected":false},"excerpt":{"rendered":"<p>2022 Mercedes GLC 300 \u2013 Enti\u00e8rement \u00e9quip\u00e9e \u2013 Aucun accident<\/p>","protected":false},"author":1,"featured_media":0,"parent":0,"menu_order":0,"comment_status":"closed","ping_status":"closed","template":"","meta":{"footnotes":""},"class_list":["post-8244","page","type-page","status-publish","hentry"],"_links":{"self":[{"href":"https:\/\/autotechsys.ca\/fr\/wp-json\/wp\/v2\/pages\/8244","targetHints":{"allow":["GET"]}}],"collection":[{"href":"https:\/\/autotechsys.ca\/fr\/wp-json\/wp\/v2\/pages"}],"about":[{"href":"https:\/\/autotechsys.ca\/fr\/wp-json\/wp\/v2\/types\/page"}],"author":[{"embeddable":true,"href":"https:\/\/autotechsys.ca\/fr\/wp-json\/wp\/v2\/users\/1"}],"replies":[{"embeddable":true,"href":"https:\/\/autotechsys.ca\/fr\/wp-json\/wp\/v2\/comments?post=8244"}],"version-history":[{"count":133,"href":"https:\/\/autotechsys.ca\/fr\/wp-json\/wp\/v2\/pages\/8244\/revisions"}],"predecessor-version":[{"id":8755,"href":"https:\/\/autotechsys.ca\/fr\/wp-json\/wp\/v2\/pages\/8244\/revisions\/8755"}],"wp:attachment":[{"href":"https:\/\/autotechsys.ca\/fr\/wp-json\/wp\/v2\/media?parent=8244"}],"curies":[{"name":"wp","href":"https:\/\/api.w.org\/{rel}","templated":true}]}}