{"id":179,"date":"2014-09-11T13:44:53","date_gmt":"2014-09-11T17:44:53","guid":{"rendered":"http:\/\/demo.themesuite.com\/automotive-wp\/?page_id=179"},"modified":"2026-03-29T23:10:06","modified_gmt":"2026-03-30T04:10:06","slug":"financing-3","status":"publish","type":"page","link":"https:\/\/autotechsys.ca\/fr\/financing-3\/","title":{"rendered":"FINANCEMENT"},"content":{"rendered":"<div class=\"wpb-content-wrapper\"><div class=\"vc_row wpb_row vc_row-fluid vc_custom_1774843789719 vc_row-has-fill vc_row-o-equal-height vc_row-flex\"><div class=\"wpb_column vc_column_container vc_col-sm-4\"><div class=\"vc_column-inner\"><div class=\"wpb_wrapper\">\n\t<div class=\"wpb_text_column wpb_content_element\" >\n\t\t<div class=\"wpb_wrapper\">\n\t\t\t<div style=\"position: relative; background: rgba(10,10,10,0.85); border: 1px solid rgba(255,255,255,0.08); border-radius: 20px; padding: 32px 24px; min-height: 240px; backdrop-filter: blur(6px); text-align: center; font-family: inherit;\">\n<div style=\"font-size: 44px; font-weight: bold; color: rgba(255,255,255,0.25); margin-bottom: 10px; line-height: 1; letter-spacing: 2px;\">01<\/div>\n<h3 style=\"font-size: 24px; line-height: 1.3; margin: 0 0 10px 0; color: #ffffff; font-weight: 600;\">Soumettez votre demande<\/h3>\n<p style=\"font-size: 14px; line-height: 1.6; color: rgba(255,255,255,0.65); margin: 0;\">Remplissez le formulaire avec vos informations de base en quelques instants.<\/p>\n<p><!-- ARROW --><\/p>\n<div style=\"position: absolute; right: -22px; top: 50%; transform: translateY(-50%); font-size: 42px; font-weight: 600; color: rgba(255,255,255,0.45); line-height: 1;\">\u2192<\/div>\n<\/div>\n\n\t\t<\/div>\n\t<\/div>\n<\/div><\/div><\/div><div class=\"wpb_column vc_column_container vc_col-sm-4\"><div class=\"vc_column-inner\"><div class=\"wpb_wrapper\">\n\t<div class=\"wpb_text_column wpb_content_element\" >\n\t\t<div class=\"wpb_wrapper\">\n\t\t\t<div style=\"position: relative; background: rgba(10,10,10,0.85); border: 1px solid rgba(255,255,255,0.08); border-radius: 20px; padding: 32px 24px; min-height: 240px; backdrop-filter: blur(6px); text-align: center; font-family: inherit;\">\n<div style=\"font-size: 44px; font-weight: bold; color: rgba(255,255,255,0.25); margin-bottom: 10px; line-height: 1; letter-spacing: 2px;\">02<\/div>\n<h3 style=\"font-size: 24px; line-height: 1.3; margin: 0 0 10px 0; color: #ffffff; font-weight: 600;\">Nous examinons votre profil<\/h3>\n<p style=\"font-size: 14px; line-height: 1.6; color: rgba(255,255,255,0.65); margin: 0;\">Notre \u00e9quipe \u00e9value votre situation et trouve les meilleures options de financement.<\/p>\n<p><!-- ARROW --><\/p>\n<div style=\"position: absolute; right: -22px; top: 50%; transform: translateY(-50%); font-size: 42px; font-weight: 600; color: rgba(255,255,255,0.45); line-height: 1;\">\u2192<\/div>\n<\/div>\n\n\t\t<\/div>\n\t<\/div>\n<\/div><\/div><\/div><div class=\"wpb_column vc_column_container vc_col-sm-4\"><div class=\"vc_column-inner\"><div class=\"wpb_wrapper\">\n\t<div class=\"wpb_text_column wpb_content_element\" >\n\t\t<div class=\"wpb_wrapper\">\n\t\t\t<div style=\"background: rgba(10,10,10,0.85); border: 1px solid rgba(255,255,255,0.08); border-radius: 20px; padding: 32px 24px; min-height: 240px; backdrop-filter: blur(6px); text-align: center; font-family: inherit;\">\n<div style=\"font-size: 44px; font-weight: bold; color: rgba(255,255,255,0.25); margin-bottom: 10px; line-height: 1; letter-spacing: 2px;\">03<\/div>\n<h3 style=\"font-size: 24px; line-height: 1.3; margin: 0 0 10px 0; color: #ffffff; font-weight: 600;\">Obtenir l'approbation<\/h3>\n<p style=\"font-size: 14px; line-height: 1.6; color: rgba(255,255,255,0.65); margin: 0;\">Nous vous contactons rapidement pour vous faire part de notre approbation et des prochaines \u00e9tapes.<\/p>\n<\/div>\n\n\t\t<\/div>\n\t<\/div>\n<\/div><\/div><\/div><\/div><div class=\"vc_row wpb_row vc_row-fluid\"><div class=\"wpb_column vc_column_container vc_col-sm-12\"><div class=\"vc_column-inner\"><div class=\"wpb_wrapper\">\n<div class=\"wpcf7 no-js\" id=\"wpcf7-f1237-o1\" lang=\"en-US\" dir=\"ltr\" data-wpcf7-id=\"1237\">\n<div class=\"screen-reader-response\"><p role=\"status\" aria-live=\"polite\" aria-atomic=\"true\"><\/p> <ul><\/ul><\/div>\n<form action=\"\/fr\/wp-json\/wp\/v2\/pages\/179#wpcf7-f1237-o1\" method=\"post\" class=\"wpcf7-form init\" aria-label=\"Contact form\" novalidate=\"novalidate\" data-status=\"init\" data-trp-original-action=\"\/fr\/wp-json\/wp\/v2\/pages\/179#wpcf7-f1237-o1\">\n<fieldset class=\"hidden-fields-container\"><input type=\"hidden\" name=\"_wpcf7\" value=\"1237\" \/><input type=\"hidden\" name=\"_wpcf7_version\" value=\"6.1.5\" \/><input type=\"hidden\" name=\"_wpcf7_locale\" value=\"en_US\" \/><input type=\"hidden\" name=\"_wpcf7_unit_tag\" value=\"wpcf7-f1237-o1\" \/><input type=\"hidden\" name=\"_wpcf7_container_post\" value=\"0\" \/><input type=\"hidden\" name=\"_wpcf7_posted_data_hash\" value=\"\" \/>\n<\/fieldset>\n<p><span class=\"wpcf7-form-control-wrap\" data-name=\"your-name\"><input size=\"40\" maxlength=\"400\" class=\"wpcf7-form-control wpcf7-text wpcf7-validates-as-required\" aria-required=\"true\" aria-invalid=\"false\" placeholder=\"Nom complet\" value=\"\" type=\"text\" name=\"your-name\" \/><\/span>\n<\/p>\n<p><span class=\"wpcf7-form-control-wrap\" data-name=\"your-tel\"><input size=\"40\" maxlength=\"400\" class=\"wpcf7-form-control wpcf7-tel wpcf7-validates-as-required wpcf7-text wpcf7-validates-as-tel\" aria-required=\"true\" aria-invalid=\"false\" placeholder=\"Num\u00e9ro de t\u00e9l\u00e9phone\" value=\"\" type=\"tel\" name=\"your-tel\" \/><\/span>\n<\/p>\n<p><span class=\"wpcf7-form-control-wrap\" data-name=\"your-email\"><input size=\"40\" maxlength=\"400\" class=\"wpcf7-form-control wpcf7-email wpcf7-validates-as-required wpcf7-text wpcf7-validates-as-email\" aria-required=\"true\" aria-invalid=\"false\" placeholder=\"Adresse \u00e9lectronique\" value=\"\" type=\"email\" name=\"your-email\" \/><\/span>\n<\/p>\n<p><span class=\"wpcf7-form-control-wrap\" data-name=\"your-message\"><textarea cols=\"40\" rows=\"10\" maxlength=\"2000\" class=\"wpcf7-form-control wpcf7-textarea\" aria-invalid=\"false\" placeholder=\"D\u00e9crivez-nous bri\u00e8vement vos besoins de financement\" name=\"your-message\"><\/textarea><\/span>\n<\/p>\n<div class=\"wpcf7-turnstile cf-turnstile\" data-sitekey=\"0x4AAAAAACxrWFbo10J55Fj-\" data-response-field-name=\"_wpcf7_turnstile_response\"><\/div>\n<p><input class=\"wpcf7-form-control wpcf7-submit has-spinner\" type=\"submit\" value=\"Postuler maintenant\" \/>\n<\/p><div class=\"wpcf7-response-output\" aria-hidden=\"true\"><\/div>\n<input type=\"hidden\" name=\"trp-form-language\" value=\"fr\"\/><\/form>\n<\/div>\n<\/div><\/div><\/div><\/div>\n<\/div>","protected":false},"excerpt":{"rendered":"01 Submit your request Fill out the form with your basic information in just a few moments. \u2192 02 We review your profile Our team evaluates your situation and finds the best financing options. \u2192 03 Get approved We contact you quickly with your approval and next steps.","protected":false},"author":1,"featured_media":0,"parent":0,"menu_order":0,"comment_status":"closed","ping_status":"closed","template":"","meta":{"footnotes":""},"class_list":["post-179","page","type-page","status-publish","hentry"],"_links":{"self":[{"href":"https:\/\/autotechsys.ca\/fr\/wp-json\/wp\/v2\/pages\/179","targetHints":{"allow":["GET"]}}],"collection":[{"href":"https:\/\/autotechsys.ca\/fr\/wp-json\/wp\/v2\/pages"}],"about":[{"href":"https:\/\/autotechsys.ca\/fr\/wp-json\/wp\/v2\/types\/page"}],"author":[{"embeddable":true,"href":"https:\/\/autotechsys.ca\/fr\/wp-json\/wp\/v2\/users\/1"}],"replies":[{"embeddable":true,"href":"https:\/\/autotechsys.ca\/fr\/wp-json\/wp\/v2\/comments?post=179"}],"version-history":[{"count":38,"href":"https:\/\/autotechsys.ca\/fr\/wp-json\/wp\/v2\/pages\/179\/revisions"}],"predecessor-version":[{"id":8705,"href":"https:\/\/autotechsys.ca\/fr\/wp-json\/wp\/v2\/pages\/179\/revisions\/8705"}],"wp:attachment":[{"href":"https:\/\/autotechsys.ca\/fr\/wp-json\/wp\/v2\/media?parent=179"}],"curies":[{"name":"wp","href":"https:\/\/api.w.org\/{rel}","templated":true}]}}