{"id":1346,"date":"2016-01-28T15:46:43","date_gmt":"2016-01-28T20:46:43","guid":{"rendered":"http:\/\/autotechsys.ca\/financing\/?lang=fr"},"modified":"2021-01-12T17:57:53","modified_gmt":"2021-01-12T22:57:53","slug":"financing","status":"publish","type":"page","link":"https:\/\/autotechsys.ca\/fr\/financing\/","title":{"rendered":"Financement"},"content":{"rendered":"<div class=\"wpb-content-wrapper\"><div class=\"vc_row wpb_row vc_row-fluid\"><div class=\"wpb_column vc_column_container vc_col-sm-12\"><div class=\"vc_column-inner\"><div class=\"wpb_wrapper\">\n\t<div class=\"wpb_text_column wpb_content_element\" >\n\t\t<div class=\"wpb_wrapper\">\n\t\t\t<p style=\"text-align: justify;\"><strong><span style=\"color: #cd0000; font-family: TimesNewRoman, 'Times New Roman', Times, Baskerville, Georgia, serif; font-size: 30px; font-style: normal; font-variant: normal; font-weight: bold;\">Autotech Sys\u00a0<\/span><\/strong><span style=\"color: #000000;\">travaille de pair avec plusieurs institutions financi\u00e8res lui permettant d&#8217;obtenir ce qu&#8217;il y a de mieux pour vous. Notre \u00e9quipe de directeurs financiers vous aidera \u00e0 trouver un financement d&#8217;auto d&#8217;occasion adapt\u00e9 \u00e0 votre profil de cr\u00e9dit gr\u00e2ce \u00e0 l\u2019expertise de nos nombreux partenaires financiers.<\/span><\/p>\n\n\t\t<\/div>\n\t<\/div>\n<\/div><\/div><\/div><\/div><div class=\"vc_row wpb_row vc_row-fluid\"><div class=\"wpb_column vc_column_container vc_col-sm-6\"><div class=\"vc_column-inner\"><div class=\"wpb_wrapper\">\n\t<div class=\"wpb_text_column wpb_content_element wpb_animate_when_almost_visible wpb_left-to-right left-to-right\" >\n\t\t<div class=\"wpb_wrapper\">\n\t\t\t<p style=\"padding-left: 30px;\"><span style=\"color: #dd3333;\"><i class=\"fa-check fa\" style=\"color: #dd3333; font-size: 18px;\">\u00a0<\/i><span style=\"color: #000000;\">Aucun acompte<\/span><\/span><\/p>\n<p style=\"padding-left: 30px;\"><i class=\"fa-check fa\" style=\"color: #dd3333; font-size: 18px;\">\u00a0<\/i><span style=\"color: #000000;\">Taux le plus bas<\/span><\/p>\n<p style=\"padding-left: 30px;\"><i class=\"fa-check fa\" style=\"color: #dd3333; font-size: 18px;\">\u00a0<\/i><span style=\"color: #000000;\">Paiement simples(mensuels, bimensuels, ou hebdomadaires)<\/span><\/p>\n<p style=\"padding-left: 30px;\"><span style=\"color: #000000;\"><i class=\"fa-check fa\" style=\"color: #dd3333; font-size: 18px;\">\u00a0<\/i>2\u00e8me et 3\u00e8me chance au credit<\/span><\/p>\n<p style=\"padding-left: 30px;\"><span style=\"color: #000000;\"><i class=\"fa-check fa\" style=\"color: #dd3333; font-size: 18px;\">\u00a0<\/i>100% approuv\u00e9 !!!<\/span><\/p>\n<p style=\"padding-left: 30px;\"><span style=\"color: #000000;\"><i class=\"fa-check fa\" style=\"color: #dd3333; font-size: 18px;\">\u00a0<\/i>Aucune obligation d\u2019achat<\/span><\/p>\n<p style=\"padding-left: 90px;\"><span style=\"color: #0000ff; font-size: 30px;\">Compl\u00e9tez le formulaire de cr\u00e9dit \u00a0 \u00a0 <i class=\"fa-arrow-right fa\" style=\"color: #dd3333; font-size: 40px;\">\u00a0<\/i><i class=\"fa-arrow-right fa\" style=\"color: #dd3333; font-size: 40px;\"> <\/i><i class=\"fa-arrow-right fa\" style=\"color: #dd3333; font-size: 40px;\"> <\/i>\u00a0<\/span><\/p>\n\n\t\t<\/div>\n\t<\/div>\n<\/div><\/div><\/div><div class=\"wpb_column vc_column_container vc_col-sm-6\"><div class=\"vc_column-inner\"><div class=\"wpb_wrapper\">\n\t<div class=\"wpb_text_column wpb_content_element\" >\n\t\t<div class=\"wpb_wrapper\">\n\t\t\t\n\n<!-- Fast Secure Contact Form plugin 4.0.52 - begin - FastSecureContactForm.com -->\r\n<div style=\"clear:both;\"><\/div>\n<p style=\"\u201dtext-align:center;\u201d\">\r\n<div id=\"FSContact1\" style=\"width:99%; max-width:800px;color:#000000; background-color:#8181F7; margin-left:auto; margin-right:auto; padding-left:20px; padding-top:20px; padding-bottom:20px;\">\r\n<form action=\"https:\/\/autotechsys.ca\/fr\/wp-json\/wp\/v2\/pages\/1346#FSContact1\" id=\"fscf_form1\" method=\"post\" data-trp-original-action=\"https:\/\/autotechsys.ca\/fr\/wp-json\/wp\/v2\/pages\/1346#FSContact1\">\r\n\n<div id=\"fscf_div_clear1_0\" style=\"clear:both;\">\n  <div id=\"fscf_div_field1_0\" style=\"clear:left; float:left; width:99%; max-width:800px; margin-left:auto; margin-right:auto\">\r\n    <div style=\"text-align:left; padding-top:5px; margin-left:auto; margin-right:auto; font-size:20px;\">\n      <label style=\"text-align:center;\" for=\"fscf_name1\">Name:<span style=\"text-align:text-align:center\">*<\/span><\/label>\n    <\/div>\r\n    <div style=\"text-align:left; margin-left:auto; margin-right:auto\">\r\n      <input style=\"text-align:left; margin:0; width:99%; max-width:9000px;color:#000000; background-color:#E6E0F8\" type=\"text\" id=\"fscf_name1\" name=\"full_name\" value=\"\"  readonly=\"readonly\" \/>\r\n    <\/div>\r\n  <\/div>\n<\/div>\n\n<div id=\"fscf_div_clear1_4\" style=\"clear:both;\">\n  <div id=\"fscf_div_field1_4\" style=\"clear:left; float:left; width:99%; max-width:800px; margin-left:auto; margin-right:auto\">\n    <div  id=\"fscf_label1_4\" style=\"text-align:left; padding-top:5px; margin-left:auto; margin-right:auto; font-size:20px;\">\r\n      <label style=\"text-align:center;\" for=\"fscf_field1_4\">T\u00e9l\u00e9phone:<span style=\"text-align:text-align:center\">*<\/span><\/label>\n    <\/div>\n    <div style=\"text-align:left; margin-left:auto; margin-right:auto\">\n      <input style=\"text-align:left; margin:0; width:99%; max-width:9000px;color:#000000; background-color:#E6E0F8\" type=\"text\" id=\"fscf_field1_4\" name=\"Phone\" value=\"\"  maxlength=\"50\" \/>\n    <\/div>\n  <\/div>\n<\/div>\n\n<div id=\"fscf_div_clear1_1\" style=\"clear:both;\">\n  <div id=\"fscf_div_field1_1\" style=\"clear:left; float:left; width:99%; max-width:800px; margin-left:auto; margin-right:auto\">\n    <div style=\"text-align:left; padding-top:5px; margin-left:auto; margin-right:auto; font-size:20px;\">\n      <label style=\"text-align:center;\" for=\"fscf_email1\">Email:<span style=\"text-align:text-align:center\">*<\/span><\/label>\n    <\/div>\n    <div style=\"text-align:left; margin-left:auto; margin-right:auto\">\n      <input style=\"text-align:left; margin:0; width:99%; max-width:9000px;color:#000000; background-color:#E6E0F8\" type=\"text\" id=\"fscf_email1\" name=\"email\" value=\"\"  readonly=\"readonly\" \/>\n    <\/div>\n  <\/div>\n<\/div>\n\n<div id=\"fscf_div_clear1_5\" style=\"clear:both;\">\n  <div id=\"fscf_div_field1_5\" style=\"clear:left; float:left; width:99%; max-width:800px; margin-left:auto; margin-right:auto\">\n    <div  id=\"fscf_label1_5\" style=\"text-align:left; padding-top:5px; margin-left:auto; margin-right:auto; font-size:20px;\">\r\n      <label style=\"text-align:center;\" for=\"fscf_field1_5\">Date de naissance:<\/label>\n    <\/div>\n    <div style=\"text-align:left; margin-left:auto; margin-right:auto\">\n      <input style=\"text-align:left; margin:0; width:99%; max-width:9000px;color:#000000; background-color:#E6E0F8\" type=\"text\" id=\"fscf_field1_5\" name=\"Date-of-Birth\" value=\"mm\/dd\/yyyy\"  size=\"15\"  \/>\n    <\/div>\n  <\/div>\n<\/div>\n\n<div id=\"fscf_div_clear1_3\" style=\"clear:both;\">\n  <div id=\"fscf_div_field1_3\" style=\"clear:left; float:left; width:99%; max-width:800px; margin-left:auto; margin-right:auto\">\n    <div style=\"text-align:left; padding-top:5px; margin-left:auto; margin-right:auto; font-size:20px;\">\n      <label style=\"text-align:center;\" for=\"fscf_field1_3\">Message:<span style=\"text-align:text-align:center\">*<\/span><\/label>\n    <\/div>\n    <div style=\"text-align:left; margin-left:auto; margin-right:auto\">\n      <textarea style=\"text-align:left; margin:0; width:99%; max-width:900px; height:120px;color:#000000; background-color:#E6E0F8\" id=\"fscf_field1_3\" name=\"message\" cols=\"30\" rows=\"10\" ><\/textarea>\n    <\/div>\n  <\/div>\n<\/div>\n\n<div id=\"fscf_div_clear1_6\" style=\"clear:both;\">\n  <div id=\"fscf_div_field1_6\" style=\"clear:left; float:left; width:99%; max-width:800px; margin-left:auto; margin-right:auto\">\n    <div  id=\"fscf_label1_6\" style=\"text-align:left; padding-top:5px; margin-left:auto; margin-right:auto; font-size:20px;\">\n    <\/div>\n    <div style=\"text-align:left; margin-left:auto; margin-right:auto\">\n      <span><input type=\"checkbox\" style=\"width:22px; height:32px;\" id=\"fscf_field1_6\" name=\"I-authorize-Autotech-Sys-to-obtain-a-cop\" value=\"1\" \/> <label style=\"display:inline;\" for=\"fscf_field1_6\">J'autorise Autotech Sys pour obtenir une copie de mon dossier de cr\u00e9dit<\/label><\/span>\n    <\/div>\n  <\/div>\n<\/div>\r\n<div style=\"clear:both;\"><\/div>\n\n<div id=\"fscf_submit_div1\" style=\"text-align:left; clear:both; padding-top:15px;\">\r\n\t\t<input type=\"submit\" id=\"fscf_submit1\" style=\"cursor:pointer; margin:0;\" value=\"Submit\"  onclick=\"this.disabled=true; this.value='Submitting...'; this.form.submit();\" \/> \n<\/div>\n\n<input type=\"hidden\" name=\"fscf_submitted\" value=\"0\" \/>\n<input type=\"hidden\" name=\"fs_postonce_1\" value=\"94ef07ff731ea142fdcf27e15a98cf04,1776212190\" \/>\n<input type=\"hidden\" name=\"si_contact_action\" value=\"send\" \/>\n<input type=\"hidden\" name=\"form_id\" value=\"1\" \/>\n<input type=\"hidden\" name=\"mailto_id\" value=\"1\" \/>\n\n<input type=\"hidden\" name=\"trp-form-language\" value=\"fr\"\/><\/form>\n<\/div>\r\n<div style=\"clear:both;\"><\/div>\n\n<!-- Fast Secure Contact Form plugin 4.0.52 - end - FastSecureContactForm.com -->\n\n\n\t\t<\/div>\n\t<\/div>\n<\/div><\/div><\/div><\/div><div class=\"vc_row wpb_row vc_row-fluid\"><\/div><div class=\"wpb_column vc_column_container vc_col-sm-6\"><div class=\"vc_column-inner\"><div class=\"wpb_wrapper\"><\/div><\/div><\/div><div class=\"wpb_column vc_column_container vc_col-sm-6\"><div class=\"vc_column-inner\"><div class=\"wpb_wrapper\"><\/div><\/div><\/div><div class=\"wpb_column vc_column_container vc_col-sm-12\"><div class=\"vc_column-inner\"><div class=\"wpb_wrapper\"><\/div><\/div><\/div><div class=\"vc_row wpb_row vc_row-fluid\"><div class=\"wpb_column vc_column_container vc_col-sm-12\"><div class=\"vc_column-inner\"><div class=\"wpb_wrapper\"><\/div><\/div><\/div><\/div>\n<\/div>","protected":false},"excerpt":{"rendered":"Autotech Sys\u00a0travaille de pair avec plusieurs institutions financi\u00e8res lui permettant d'obtenir ce qu'il y a de mieux pour vous. Notre \u00e9quipe de directeurs financiers vous aidera \u00e0 trouver un financement d'auto d'occasion adapt\u00e9 \u00e0 votre profil de cr\u00e9dit gr\u00e2ce \u00e0 l\u2019expertise de nos nombreux partenaires financiers. \u00a0Aucun acompte \u00a0Taux le plus bas \u00a0Paiement simples(mensuels, bimensuels, [...]","protected":false},"author":1,"featured_media":0,"parent":0,"menu_order":0,"comment_status":"closed","ping_status":"closed","template":"","meta":{"footnotes":""},"class_list":["post-1346","page","type-page","status-publish","hentry"],"_links":{"self":[{"href":"https:\/\/autotechsys.ca\/fr\/wp-json\/wp\/v2\/pages\/1346","targetHints":{"allow":["GET"]}}],"collection":[{"href":"https:\/\/autotechsys.ca\/fr\/wp-json\/wp\/v2\/pages"}],"about":[{"href":"https:\/\/autotechsys.ca\/fr\/wp-json\/wp\/v2\/types\/page"}],"author":[{"embeddable":true,"href":"https:\/\/autotechsys.ca\/fr\/wp-json\/wp\/v2\/users\/1"}],"replies":[{"embeddable":true,"href":"https:\/\/autotechsys.ca\/fr\/wp-json\/wp\/v2\/comments?post=1346"}],"version-history":[{"count":42,"href":"https:\/\/autotechsys.ca\/fr\/wp-json\/wp\/v2\/pages\/1346\/revisions"}],"predecessor-version":[{"id":6355,"href":"https:\/\/autotechsys.ca\/fr\/wp-json\/wp\/v2\/pages\/1346\/revisions\/6355"}],"wp:attachment":[{"href":"https:\/\/autotechsys.ca\/fr\/wp-json\/wp\/v2\/media?parent=1346"}],"curies":[{"name":"wp","href":"https:\/\/api.w.org\/{rel}","templated":true}]}}