{"id":1324,"date":"2016-02-04T13:57:48","date_gmt":"2016-02-04T18:57:48","guid":{"rendered":"http:\/\/autotechsys.ca\/?page_id=1324&#038;lang=fr"},"modified":"2021-01-12T17:59:13","modified_gmt":"2021-01-12T22:59:13","slug":"francais-sell-your-car","status":"publish","type":"page","link":"https:\/\/autotechsys.ca\/fr\/francais-sell-your-car\/","title":{"rendered":"Valeur d&#8217;\u00e9change"},"content":{"rendered":"<div class=\"wpb-content-wrapper\"><div class=\"vc_row wpb_row vc_row-fluid\"><\/div><div class=\"wpb_column vc_column_container vc_col-sm-12\"><div class=\"vc_column-inner\"><div class=\"wpb_wrapper\"><\/div><\/div><\/div>\n\t<div class=\"wpb_text_column wpb_content_element\" >\n\t\t<div class=\"wpb_wrapper\">\n\t\t\t<h2 style=\"text-align: center;\"><span style=\"color: #000000; background: white;\">EVALUEZ VOTRE V\u00c9HICULE<\/span><\/h2>\n<p>&nbsp;<\/p>\n<p style=\"text-align: justify;\"><strong><span style=\"color: #e60000; font-family: TimesNewRoman, 'Times New Roman', Times, Baskerville, Georgia, serif; font-size: 30px; font-style: normal; font-variant: normal; font-weight: bold;\">Autotech Sys\u00a0<\/span><\/strong><span style=\"color: #0000ff;\">appr\u00e9cions votre temps autant que vous. Voil\u00e0 pourquoi nos expertises automobiles sont g\u00e9n\u00e9ralement effectu\u00e9es sur rendez-vous. Remplissez le formulaire ci-dessous avec autant d&#8217;informations que possible et l&#8217;un des membres de notre \u00e9quipe d&#8217;experts vous contactera pour confirmer la disponibilit\u00e9 de votre rendez-vous pour \u00e9ventuellement vendre votre voiture.<\/span><\/p>\n<p>&nbsp;<\/p>\n<h3 style=\"padding-left: 400px;\"><span style=\"color: #00ff00;\"><a class=\"fancybox_div\" style=\"color: #00ff00;\" href=\"#trade_fancybox_form\"><i class=\"fa-arrow-right fa fa-spin\" style=\"color: #dd3333; font-size: 40px;\"> <\/i><button style=\"width: 200px; background-color: #c7081b;\">Estimer<\/button><\/a><\/span><\/h3>\n\n\t\t<\/div>\n\t<\/div>\n<\/div>","protected":false},"excerpt":{"rendered":"EVALUEZ VOTRE V\u00c9HICULE &nbsp; Autotech Sys\u00a0appr\u00e9cions votre temps autant que vous. Voil\u00e0 pourquoi nos expertises automobiles sont g\u00e9n\u00e9ralement effectu\u00e9es sur rendez-vous. Remplissez le formulaire ci-dessous avec autant d'informations que possible et l'un des membres de notre \u00e9quipe d'experts vous contactera pour confirmer la disponibilit\u00e9 de votre rendez-vous pour \u00e9ventuellement vendre votre voiture. &nbsp; Estimer","protected":false},"author":1,"featured_media":0,"parent":0,"menu_order":0,"comment_status":"closed","ping_status":"closed","template":"","meta":{"footnotes":""},"class_list":["post-1324","page","type-page","status-publish","hentry"],"_links":{"self":[{"href":"https:\/\/autotechsys.ca\/fr\/wp-json\/wp\/v2\/pages\/1324","targetHints":{"allow":["GET"]}}],"collection":[{"href":"https:\/\/autotechsys.ca\/fr\/wp-json\/wp\/v2\/pages"}],"about":[{"href":"https:\/\/autotechsys.ca\/fr\/wp-json\/wp\/v2\/types\/page"}],"author":[{"embeddable":true,"href":"https:\/\/autotechsys.ca\/fr\/wp-json\/wp\/v2\/users\/1"}],"replies":[{"embeddable":true,"href":"https:\/\/autotechsys.ca\/fr\/wp-json\/wp\/v2\/comments?post=1324"}],"version-history":[{"count":18,"href":"https:\/\/autotechsys.ca\/fr\/wp-json\/wp\/v2\/pages\/1324\/revisions"}],"predecessor-version":[{"id":6358,"href":"https:\/\/autotechsys.ca\/fr\/wp-json\/wp\/v2\/pages\/1324\/revisions\/6358"}],"wp:attachment":[{"href":"https:\/\/autotechsys.ca\/fr\/wp-json\/wp\/v2\/media?parent=1324"}],"curies":[{"name":"wp","href":"https:\/\/api.w.org\/{rel}","templated":true}]}}