{"id":10,"date":"2016-01-25T19:59:01","date_gmt":"2016-01-25T19:59:01","guid":{"rendered":"http:\/\/autotechsys.ca\/estimates\/"},"modified":"2026-03-30T11:59:04","modified_gmt":"2026-03-30T16:59:04","slug":"estimates","status":"publish","type":"page","link":"https:\/\/autotechsys.ca\/fr\/estimates\/","title":{"rendered":"Vendez votre voiture"},"content":{"rendered":"<div class=\"wpb-content-wrapper\"><div class=\"wpb_column vc_column_container vc_col-sm-12\"><div class=\"vc_column-inner\"><div class=\"wpb_wrapper\"><\/div><\/div><\/div><div class=\"vc_row wpb_row vc_row-fluid vc_custom_1774818314856\"><div class=\"wpb_column vc_column_container vc_col-sm-12\"><div class=\"vc_column-inner\"><div class=\"wpb_wrapper\">\n\t<div class=\"wpb_text_column wpb_content_element\" >\n\t\t<div class=\"wpb_wrapper\">\n\t\t\t<h2 style=\"color: #ffffff; text-align: center; font-size: 32px; font-weight: 500; margin-bottom: 12px;\">Obtenez une offre juste, le jour m\u00eame<\/h2>\n<p style=\"color: #aaaaaa; text-align: center; font-size: 15px;\">Pas de jeux de concessionnaire. Pas d'attente. Nous achetons toutes marques, tous mod\u00e8les et toutes conditions \u00e0 travers Montr\u00e9al.<\/p>\n\n\t\t<\/div>\n\t<\/div>\n<\/div><\/div><\/div><\/div><div class=\"vc_row wpb_row vc_row-fluid vc_custom_1774818672249\"><div class=\"wpb_column vc_column_container vc_col-sm-4\"><div class=\"vc_column-inner\"><div class=\"wpb_wrapper\">\n\t<div class=\"wpb_text_column wpb_content_element\" >\n\t\t<div class=\"wpb_wrapper\">\n\t\t\t<p style=\"color: #ffffff; font-size: 28px; font-weight: 500; text-align: center; margin: 0;\">24 heures<\/p>\n<p style=\"color: #aaaaaa; font-size: 11px; text-align: center; text-transform: uppercase; letter-spacing: 0.1em; margin: 0;\">Temps de r\u00e9ponse<\/p>\n\n\t\t<\/div>\n\t<\/div>\n<\/div><\/div><\/div><div class=\"wpb_column vc_column_container vc_col-sm-4\"><div class=\"vc_column-inner\"><div class=\"wpb_wrapper\">\n\t<div class=\"wpb_text_column wpb_content_element\" >\n\t\t<div class=\"wpb_wrapper\">\n\t\t\t<p style=\"color: #ffffff; font-size: 28px; font-weight: 500; text-align: center; margin: 0;\">Gratuit<\/p>\n<p style=\"color: #aaaaaa; font-size: 11px; text-align: center; text-transform: uppercase; letter-spacing: 0.1em; margin: 0;\">Sans obligation<\/p>\n\n\t\t<\/div>\n\t<\/div>\n<\/div><\/div><\/div><div class=\"wpb_column vc_column_container vc_col-sm-4\"><div class=\"vc_column-inner\"><div class=\"wpb_wrapper\">\n\t<div class=\"wpb_text_column wpb_content_element\" >\n\t\t<div class=\"wpb_wrapper\">\n\t\t\t<p style=\"color: #ffffff; font-size: 28px; font-weight: 500; text-align: center; margin: 0;\">Tous<\/p>\n<p style=\"color: #aaaaaa; font-size: 11px; text-align: center; text-transform: uppercase; letter-spacing: 0.1em; margin: 0;\">Marques et mod\u00e8les<\/p>\n\n\t\t<\/div>\n\t<\/div>\n<\/div><\/div><\/div><\/div><div class=\"vc_row wpb_row vc_row-fluid\"><div class=\"wpb_column vc_column_container vc_col-sm-12\"><div class=\"vc_column-inner\"><div class=\"wpb_wrapper\">\n\t<div class=\"wpb_text_column wpb_content_element\" >\n\t\t<div class=\"wpb_wrapper\">\n\t\t\t<hr style=\"border: none; border-top: 1px solid #222222; margin: 10px 0;\" \/>\n\n\t\t<\/div>\n\t<\/div>\n<\/div><\/div><\/div><\/div><div class=\"vc_row wpb_row vc_row-fluid vc_custom_1774818847476\"><div class=\"wpb_column vc_column_container vc_col-sm-4\"><div class=\"vc_column-inner\"><div class=\"wpb_wrapper\">\n\t<div class=\"wpb_text_column wpb_content_element\" >\n\t\t<div class=\"wpb_wrapper\">\n\t\t\t<div style=\"text-align: center; padding: 20px 10px;\">\n<p style=\"color: #666666; font-size: 20px; text-transform: uppercase; letter-spacing: 0.15em; margin: 0 0 10px 0;\">01<\/p>\n<p style=\"color: #ffffff; font-size: 18px; font-weight: 500; margin: 0 0 6px 0;\">Remplissez le formulaire<\/p>\n<p style=\"color: #aaaaaa; font-size: 15px; margin: 0;\">2 minutes, aucun compte requis<\/p>\n<\/div>\n\n\t\t<\/div>\n\t<\/div>\n<\/div><\/div><\/div><div class=\"wpb_column vc_column_container vc_col-sm-4\"><div class=\"vc_column-inner\"><div class=\"wpb_wrapper\">\n\t<div class=\"wpb_text_column wpb_content_element\" >\n\t\t<div class=\"wpb_wrapper\">\n\t\t\t<div style=\"text-align: center; padding: 20px 10px;\">\n<p style=\"color: #666666; font-size: 20px; text-transform: uppercase; letter-spacing: 0.15em; margin: 0 0 10px 0;\">02<\/p>\n<p style=\"color: #ffffff; font-size: 18px; font-weight: 500; margin: 0 0 6px 0;\">Nous t'appelons<\/p>\n<p style=\"color: #aaaaaa; font-size: 15px; margin: 0;\">Jour ouvrable le m\u00eame jour<\/p>\n<\/div>\n\n\t\t<\/div>\n\t<\/div>\n<\/div><\/div><\/div><div class=\"wpb_column vc_column_container vc_col-sm-4\"><div class=\"vc_column-inner\"><div class=\"wpb_wrapper\">\n\t<div class=\"wpb_text_column wpb_content_element\" >\n\t\t<div class=\"wpb_wrapper\">\n\t\t\t<div style=\"text-align: center; padding: 20px 10px;\">\n<p style=\"color: #666666; font-size: 20px; text-transform: uppercase; letter-spacing: 0.15em; margin: 0 0 10px 0;\">03<\/p>\n<p style=\"color: #ffffff; font-size: 18px; font-weight: 500; margin: 0 0 6px 0;\">Obtenez votre offre<\/p>\n<p style=\"color: #aaaaaa; font-size: 15px; margin: 0;\">Prix juste, paiement rapide<\/p>\n<\/div>\n\n\t\t<\/div>\n\t<\/div>\n<\/div><\/div><\/div><\/div><div class=\"vc_row wpb_row vc_row-fluid\"><div class=\"wpb_column vc_column_container vc_col-sm-12\"><div class=\"vc_column-inner\"><div class=\"wpb_wrapper\">\n<div class=\"wpcf7 no-js\" id=\"wpcf7-f8634-o1\" lang=\"en-US\" dir=\"ltr\" data-wpcf7-id=\"8634\">\n<div class=\"screen-reader-response\"><p role=\"status\" aria-live=\"polite\" aria-atomic=\"true\"><\/p> <ul><\/ul><\/div>\n<form action=\"\/fr\/wp-json\/wp\/v2\/pages\/10#wpcf7-f8634-o1\" method=\"post\" class=\"wpcf7-form init\" aria-label=\"Contact form\" novalidate=\"novalidate\" data-status=\"init\" data-trp-original-action=\"\/fr\/wp-json\/wp\/v2\/pages\/10#wpcf7-f8634-o1\">\n<fieldset class=\"hidden-fields-container\"><input type=\"hidden\" name=\"_wpcf7\" value=\"8634\" \/><input type=\"hidden\" name=\"_wpcf7_version\" value=\"6.1.5\" \/><input type=\"hidden\" name=\"_wpcf7_locale\" value=\"en_US\" \/><input type=\"hidden\" name=\"_wpcf7_unit_tag\" value=\"wpcf7-f8634-o1\" \/><input type=\"hidden\" name=\"_wpcf7_container_post\" value=\"0\" \/><input type=\"hidden\" name=\"_wpcf7_posted_data_hash\" value=\"\" \/>\n<\/fieldset>\n<p><span class=\"wpcf7-form-control-wrap\" data-name=\"your-name\"><input size=\"40\" maxlength=\"400\" class=\"wpcf7-form-control wpcf7-text wpcf7-validates-as-required\" aria-required=\"true\" aria-invalid=\"false\" placeholder=\"Nom complet\" value=\"\" type=\"text\" name=\"your-name\" \/><\/span><br \/>\n<span class=\"wpcf7-form-control-wrap\" data-name=\"your-tel\"><input size=\"40\" maxlength=\"400\" class=\"wpcf7-form-control wpcf7-tel wpcf7-validates-as-required wpcf7-text wpcf7-validates-as-tel\" aria-required=\"true\" aria-invalid=\"false\" placeholder=\"Num\u00e9ro de t\u00e9l\u00e9phone\" value=\"\" type=\"tel\" name=\"your-tel\" \/><\/span><br \/>\n<span class=\"wpcf7-form-control-wrap\" data-name=\"car-year\"><input size=\"40\" maxlength=\"400\" class=\"wpcf7-form-control wpcf7-text wpcf7-validates-as-required\" aria-required=\"true\" aria-invalid=\"false\" placeholder=\"Ann\u00e9e (par exemple, 2019)\" value=\"\" type=\"text\" name=\"car-year\" \/><\/span><br \/>\n<span class=\"wpcf7-form-control-wrap\" data-name=\"car-make\"><input size=\"40\" maxlength=\"400\" class=\"wpcf7-form-control wpcf7-text wpcf7-validates-as-required\" aria-required=\"true\" aria-invalid=\"false\" placeholder=\"Marque (par exemple Toyota)\" value=\"\" type=\"text\" name=\"car-make\" \/><\/span><br \/>\n<span class=\"wpcf7-form-control-wrap\" data-name=\"car-model\"><input size=\"40\" maxlength=\"400\" class=\"wpcf7-form-control wpcf7-text wpcf7-validates-as-required\" aria-required=\"true\" aria-invalid=\"false\" placeholder=\"Mod\u00e8le (par exemple, Camry)\" value=\"\" type=\"text\" name=\"car-model\" \/><\/span><br \/>\n<span class=\"wpcf7-form-control-wrap\" data-name=\"car-mileage\"><input size=\"40\" maxlength=\"400\" class=\"wpcf7-form-control wpcf7-text wpcf7-validates-as-required\" aria-required=\"true\" aria-invalid=\"false\" placeholder=\"Kilom\u00e9trage (km)\" value=\"\" type=\"text\" name=\"car-mileage\" \/><\/span><br \/>\n<span class=\"wpcf7-form-control-wrap\" data-name=\"car-condition\"><input size=\"40\" maxlength=\"400\" class=\"wpcf7-form-control wpcf7-text wpcf7-validates-as-required\" aria-required=\"true\" aria-invalid=\"false\" placeholder=\"Condition (Excellent \/ Bon \/ Moyen \/ Mauvais)\" value=\"\" type=\"text\" name=\"car-condition\" \/><\/span><br \/>\n<span class=\"wpcf7-form-control-wrap\" data-name=\"your-message\"><textarea cols=\"40\" rows=\"10\" maxlength=\"2000\" class=\"wpcf7-form-control wpcf7-textarea\" aria-invalid=\"false\" placeholder=\"Accidents, modifications, autre chose ?\" name=\"your-message\"><\/textarea><\/span><br \/>\n<div class=\"wpcf7-turnstile cf-turnstile\" data-sitekey=\"0x4AAAAAACxrWFbo10J55Fj-\" data-response-field-name=\"_wpcf7_turnstile_response\"><\/div><br \/>\n<input class=\"wpcf7-form-control wpcf7-submit has-spinner\" type=\"submit\" value=\"Obtenez Mon Devis Gratuit \u2192\" \/>\n<\/p><div class=\"wpcf7-response-output\" aria-hidden=\"true\"><\/div>\n<input type=\"hidden\" name=\"trp-form-language\" value=\"fr\"\/><\/form>\n<\/div>\n<\/div><\/div><\/div><\/div>\n<\/div>","protected":false},"excerpt":{"rendered":"Get a fair offer, same day No dealership games. No waiting. We buy all makes, models and conditions across Montreal. 24h Response time Free No obligation All Makes &amp; models 01 Fill the form 2 minutes, no account needed 02 We call you Same business day 03 Get your offer Fair price, fast payment","protected":false},"author":1,"featured_media":0,"parent":0,"menu_order":0,"comment_status":"closed","ping_status":"closed","template":"","meta":{"footnotes":""},"class_list":["post-10","page","type-page","status-publish","hentry"],"_links":{"self":[{"href":"https:\/\/autotechsys.ca\/fr\/wp-json\/wp\/v2\/pages\/10","targetHints":{"allow":["GET"]}}],"collection":[{"href":"https:\/\/autotechsys.ca\/fr\/wp-json\/wp\/v2\/pages"}],"about":[{"href":"https:\/\/autotechsys.ca\/fr\/wp-json\/wp\/v2\/types\/page"}],"author":[{"embeddable":true,"href":"https:\/\/autotechsys.ca\/fr\/wp-json\/wp\/v2\/users\/1"}],"replies":[{"embeddable":true,"href":"https:\/\/autotechsys.ca\/fr\/wp-json\/wp\/v2\/comments?post=10"}],"version-history":[{"count":114,"href":"https:\/\/autotechsys.ca\/fr\/wp-json\/wp\/v2\/pages\/10\/revisions"}],"predecessor-version":[{"id":8710,"href":"https:\/\/autotechsys.ca\/fr\/wp-json\/wp\/v2\/pages\/10\/revisions\/8710"}],"wp:attachment":[{"href":"https:\/\/autotechsys.ca\/fr\/wp-json\/wp\/v2\/media?parent=10"}],"curies":[{"name":"wp","href":"https:\/\/api.w.org\/{rel}","templated":true}]}}